{"id":5592,"date":"2016-12-05T09:17:34","date_gmt":"2016-12-05T09:17:34","guid":{"rendered":"http:\/\/demo.wpzoom.com\/inspiro\/?page_id=5592"},"modified":"2022-12-01T15:22:15","modified_gmt":"2022-12-01T15:22:15","slug":"about","status":"publish","type":"page","link":"https:\/\/geolight.ch\/?page_id=5592","title":{"rendered":"\u00dcber uns"},"content":{"rendered":"\t\t<div data-elementor-type=\"wp-page\" data-elementor-id=\"5592\" class=\"elementor elementor-5592\" data-elementor-settings=\"[]\">\n\t\t\t\t\t\t\t<div class=\"elementor-section-wrap\">\n\t\t\t\t\t\t\t<section class=\"elementor-section elementor-top-section elementor-element elementor-element-6dd5e545 elementor-section-boxed elementor-section-height-default elementor-section-height-default\" data-id=\"6dd5e545\" data-element_type=\"section\">\n\t\t\t\t\t\t<div class=\"elementor-container elementor-column-gap-no\">\n\t\t\t\t\t<div class=\"elementor-column elementor-col-100 elementor-top-column elementor-element elementor-element-35934f08\" data-id=\"35934f08\" data-element_type=\"column\">\n\t\t\t<div class=\"elementor-widget-wrap elementor-element-populated\">\n\t\t\t\t\t\t\t\t<div class=\"elementor-element elementor-element-89ab21a elementor-widget elementor-widget-image\" data-id=\"89ab21a\" data-element_type=\"widget\" data-widget_type=\"image.default\">\n\t\t\t\t<div class=\"elementor-widget-container\">\n\t\t\t<style>\/*! elementor - v3.5.6 - 28-02-2022 *\/\n.elementor-widget-image{text-align:center}.elementor-widget-image a{display:inline-block}.elementor-widget-image a img[src$=\".svg\"]{width:48px}.elementor-widget-image img{vertical-align:middle;display:inline-block}<\/style>\t\t\t\t\t\t\t\t\t\t\t\t<img src=\"https:\/\/geolight.ch\/wp-content\/uploads\/2022\/03\/IMG_0716-scaled.jpg\" title=\"IMG_0716\" alt=\"IMG_0716\" \/>\t\t\t\t\t\t\t\t\t\t\t\t\t\t\t<\/div>\n\t\t\t\t<\/div>\n\t\t\t\t<section class=\"elementor-section elementor-inner-section elementor-element elementor-element-7a19ee1 elementor-section-full_width elementor-section-height-default elementor-section-height-default\" data-id=\"7a19ee1\" data-element_type=\"section\">\n\t\t\t\t\t\t<div class=\"elementor-container elementor-column-gap-no\">\n\t\t\t\t\t<div class=\"elementor-column elementor-col-100 elementor-inner-column elementor-element elementor-element-371c4441\" data-id=\"371c4441\" data-element_type=\"column\">\n\t\t\t<div class=\"elementor-widget-wrap elementor-element-populated\">\n\t\t\t\t\t\t\t\t<div class=\"elementor-element elementor-element-14e4796c elementor-widget elementor-widget-text-editor\" data-id=\"14e4796c\" data-element_type=\"widget\" data-widget_type=\"text-editor.default\">\n\t\t\t\t<div class=\"elementor-widget-container\">\n\t\t\t<style>\/*! elementor - v3.5.6 - 28-02-2022 *\/\n.elementor-widget-text-editor.elementor-drop-cap-view-stacked .elementor-drop-cap{background-color:#818a91;color:#fff}.elementor-widget-text-editor.elementor-drop-cap-view-framed .elementor-drop-cap{color:#818a91;border:3px solid;background-color:transparent}.elementor-widget-text-editor:not(.elementor-drop-cap-view-default) .elementor-drop-cap{margin-top:8px}.elementor-widget-text-editor:not(.elementor-drop-cap-view-default) .elementor-drop-cap-letter{width:1em;height:1em}.elementor-widget-text-editor .elementor-drop-cap{float:left;text-align:center;line-height:1;font-size:50px}.elementor-widget-text-editor .elementor-drop-cap-letter{display:inline-block}<\/style>\t\t\t\t<p>Dominik F. Roll\u00e9 ist der Erschaffer der GeoLight, der Lamp of Lucerne.<\/p><p>Luzern ist eine Stadt mit weltweit einzigartiger Ausstrahlung. Luzern ist die Leuchtenstadt und diese k\u00fcgelf\u00f6rmige Laterne soll diese Ausstrahlung auf die ganze Welt ausweiten.<\/p><p>Dominik F. Roll\u00e9, Rudolf R\u00e4ber und der Metallk\u00fcnstler Hubertus L\u00f6wenherz leben in der nahen Umgebung von Luzern. Ihre Aufgabe ist es dieses Erbe verantwortungsvoll zu tragen.<\/p>\t\t\t\t\t\t<\/div>\n\t\t\t\t<\/div>\n\t\t\t\t\t<\/div>\n\t\t<\/div>\n\t\t\t\t\t\t\t<\/div>\n\t\t<\/section>\n\t\t\t\t\t<\/div>\n\t\t<\/div>\n\t\t\t\t\t\t\t<\/div>\n\t\t<\/section>\n\t\t\t\t<section class=\"elementor-section elementor-top-section elementor-element elementor-element-79c23755 elementor-section-boxed elementor-section-height-default elementor-section-height-default\" data-id=\"79c23755\" data-element_type=\"section\" data-settings=\"{&quot;background_background&quot;:&quot;classic&quot;}\">\n\t\t\t\t\t\t<div class=\"elementor-container elementor-column-gap-no\">\n\t\t\t\t\t<div class=\"elementor-column elementor-col-100 elementor-top-column elementor-element elementor-element-39e1062\" data-id=\"39e1062\" data-element_type=\"column\">\n\t\t\t<div class=\"elementor-widget-wrap elementor-element-populated\">\n\t\t\t\t\t\t\t\t<div class=\"elementor-element elementor-element-1794f4ed elementor-widget elementor-widget-heading\" data-id=\"1794f4ed\" data-element_type=\"widget\" data-widget_type=\"heading.default\">\n\t\t\t\t<div class=\"elementor-widget-container\">\n\t\t\t<style>\/*! elementor - v3.5.6 - 28-02-2022 *\/\n.elementor-heading-title{padding:0;margin:0;line-height:1}.elementor-widget-heading .elementor-heading-title[class*=elementor-size-]>a{color:inherit;font-size:inherit;line-height:inherit}.elementor-widget-heading .elementor-heading-title.elementor-size-small{font-size:15px}.elementor-widget-heading .elementor-heading-title.elementor-size-medium{font-size:19px}.elementor-widget-heading .elementor-heading-title.elementor-size-large{font-size:29px}.elementor-widget-heading .elementor-heading-title.elementor-size-xl{font-size:39px}.elementor-widget-heading .elementor-heading-title.elementor-size-xxl{font-size:59px}<\/style><h2 class=\"elementor-heading-title elementor-size-default\">Leute<\/h2>\t\t<\/div>\n\t\t\t\t<\/div>\n\t\t\t\t\t<\/div>\n\t\t<\/div>\n\t\t\t\t\t\t\t<\/div>\n\t\t<\/section>\n\t\t\t\t<section class=\"elementor-section elementor-top-section elementor-element elementor-element-4809f5de elementor-section-boxed elementor-section-height-default elementor-section-height-default\" data-id=\"4809f5de\" data-element_type=\"section\" data-settings=\"{&quot;background_background&quot;:&quot;classic&quot;}\">\n\t\t\t\t\t\t<div class=\"elementor-container elementor-column-gap-custom\">\n\t\t\t\t\t<div class=\"elementor-column elementor-col-33 elementor-top-column elementor-element elementor-element-10bff1a7\" data-id=\"10bff1a7\" data-element_type=\"column\">\n\t\t\t<div class=\"elementor-widget-wrap elementor-element-populated\">\n\t\t\t\t\t\t\t\t<div class=\"elementor-element elementor-element-8e0665c elementor-widget elementor-widget-wpzoom-elementor-addons-team-members\" data-id=\"8e0665c\" data-element_type=\"widget\" data-widget_type=\"wpzoom-elementor-addons-team-members.default\">\n\t\t\t\t<div class=\"elementor-widget-container\">\n\t\t\t\n\t\t\t\t\t<figure class=\"wpz-member-figure\">\n\t\t\t\t<img width=\"600\" height=\"600\" src=\"https:\/\/geolight.ch\/wp-content\/uploads\/2022\/04\/Dominik-F.-Rolle-2019.png\" class=\"elementor-animation-disable-animation attachment-large size-large\" alt=\"\" loading=\"lazy\" srcset=\"https:\/\/geolight.ch\/wp-content\/uploads\/2022\/04\/Dominik-F.-Rolle-2019.png 600w, https:\/\/geolight.ch\/wp-content\/uploads\/2022\/04\/Dominik-F.-Rolle-2019-300x300.png 300w, https:\/\/geolight.ch\/wp-content\/uploads\/2022\/04\/Dominik-F.-Rolle-2019-150x150.png 150w\" sizes=\"100vw\" \/>\t\t\t<\/figure>\n\t\t\n\t\t<div class=\"wpz-member-body\">\n\t\t\t<h2 class=\"wpz-member-name\">Dominik F. Roll\u00e9<\/h2>\n\t\t\t\t\t\t\t<div class=\"wpz-member-position\">GeoLight Erfinder<\/div>\n\t\t\t\n\t\t\t\t\t\t\t<div class=\"wpz-member-bio\">\n\t\t\t\t\t<p><i>\"Form hat Faszination! Form hat Pr\u00e4gekraft! Form hat Bewusstsein!\"<\/i>\n\nAls Feng Shui Experte und Raumgestalter befasse ich mich seit 30 Jahren\nmit verschiedenen Methoden der Raum-Harmonisierung. Geometrie ist\nnach meiner Erfahrung einer der effektivsten Wege, um in einem Haus\ndie Energie auszugleichen und anzuheben.\nSeit 1995 unterrichte ich eine westliche Form von Feng Shui, in der auch\nGeometrie einen wichtigen Stellenwert einnimmt. Die gesammelten\nErfahrungen wende ich als Berater f\u00fcr Neubauten, Umbauten, Einrichtungen und Farbgestaltungen an.<\/p>\n\t\t\t\t<\/div>\n\t\t\t\n\t\t\t\n\t\t\t\t\t\t\t<div class=\"wpz-member-links\">\n\t\t\t\t\t<a target=\"_blank\" rel=\"noopener\" href=\"https:\/\/www.facebook.com\/Lebensraum-Fengshui-Beratung-Ausbildung-Coaching-492322224459506\" class=\"elementor-repeater-item-46b7917\"><i class=\"fa-facebook fab\" aria-hidden=\"true\"><\/i><\/a><a target=\"_blank\" rel=\"noopener\" href=\"https:\/\/www.instagram.com\/lebensraumfengshui\/\" class=\"elementor-repeater-item-3f91eaa\"><i class=\"fa-instagram fab\" aria-hidden=\"true\"><\/i><\/a>\t\t\t\t<\/div>\n\t\t\t\n\t\t\t\t\t<\/div>\n\t\t\t\t<\/div>\n\t\t\t\t<\/div>\n\t\t\t\t\t<\/div>\n\t\t<\/div>\n\t\t\t\t<div class=\"elementor-column elementor-col-33 elementor-top-column elementor-element elementor-element-38ec6c8\" data-id=\"38ec6c8\" data-element_type=\"column\">\n\t\t\t<div class=\"elementor-widget-wrap elementor-element-populated\">\n\t\t\t\t\t\t\t\t<div class=\"elementor-element elementor-element-4b9f7553 elementor-widget elementor-widget-wpzoom-elementor-addons-team-members\" data-id=\"4b9f7553\" data-element_type=\"widget\" data-widget_type=\"wpzoom-elementor-addons-team-members.default\">\n\t\t\t\t<div class=\"elementor-widget-container\">\n\t\t\t\n\t\t\t\t\t<figure class=\"wpz-member-figure\">\n\t\t\t\t<img width=\"300\" height=\"300\" src=\"https:\/\/geolight.ch\/wp-content\/uploads\/2022\/04\/Ruedi-1.png\" class=\"elementor-animation-disable-animation attachment-large size-large\" alt=\"\" loading=\"lazy\" srcset=\"https:\/\/geolight.ch\/wp-content\/uploads\/2022\/04\/Ruedi-1.png 300w, https:\/\/geolight.ch\/wp-content\/uploads\/2022\/04\/Ruedi-1-150x150.png 150w\" sizes=\"100vw\" \/>\t\t\t<\/figure>\n\t\t\n\t\t<div class=\"wpz-member-body\">\n\t\t\t<h2 class=\"wpz-member-name\">Rudolf R\u00e4ber<\/h2>\n\t\t\t\t\t\t\t<div class=\"wpz-member-position\">Netzwerker<\/div>\n\t\t\t\n\t\t\t\t\t\t\t<div class=\"wpz-member-bio\">\n\t\t\t\t\t<p>\"In unserem Leben m\u00fcssen wir uns mit den Leuten und Dingen umgeben, die uns st\u00e4rken!\" Wenn nicht ich, wer sonst. Nach diesem Lebensmotto begann ich meine berufliche Ausbildung und darauf fokussiere ich in meiner T\u00e4tigkeit. Das Sinologiestudium und l\u00e4ngere Aufenthalte in Taiwan gaben mir eine Basis. Der Aufbau von search.ch gab mir Erfahrung und seither widme ich mich weiteren sinnstiftenden Projekten.\n<\/p>\n\t\t\t\t<\/div>\n\t\t\t\n\t\t\t\n\t\t\t\t\t\t\t<div class=\"wpz-member-links\">\n\t\t\t\t\t<a target=\"_blank\" rel=\"noopener\" href=\"https:\/\/twitter.com\/wpzoom\" class=\"elementor-repeater-item-3f91eaa\"><i class=\"fa-twitter fab\" aria-hidden=\"true\"><\/i><\/a><a target=\"_blank\" rel=\"noopener\" href=\"https:\/\/www.instagram.com\/lebensraumfengshui\/\" class=\"elementor-repeater-item-7faa19b\"><i class=\"fa-instagram fab\" aria-hidden=\"true\"><\/i><\/a>\t\t\t\t<\/div>\n\t\t\t\n\t\t\t\t\t<\/div>\n\t\t\t\t<\/div>\n\t\t\t\t<\/div>\n\t\t\t\t\t<\/div>\n\t\t<\/div>\n\t\t\t\t<div class=\"elementor-column elementor-col-33 elementor-top-column elementor-element elementor-element-b0455b7\" data-id=\"b0455b7\" data-element_type=\"column\">\n\t\t\t<div class=\"elementor-widget-wrap elementor-element-populated\">\n\t\t\t\t\t\t\t\t<div class=\"elementor-element elementor-element-5b725c4e elementor-widget elementor-widget-wpzoom-elementor-addons-team-members\" data-id=\"5b725c4e\" data-element_type=\"widget\" data-widget_type=\"wpzoom-elementor-addons-team-members.default\">\n\t\t\t\t<div class=\"elementor-widget-container\">\n\t\t\t\n\t\t\t\t\t<figure class=\"wpz-member-figure\">\n\t\t\t\t<img width=\"300\" height=\"300\" src=\"https:\/\/geolight.ch\/wp-content\/uploads\/2022\/04\/Hubertus-1.png\" class=\"elementor-animation-disable-animation attachment-large size-large\" alt=\"\" loading=\"lazy\" srcset=\"https:\/\/geolight.ch\/wp-content\/uploads\/2022\/04\/Hubertus-1.png 300w, https:\/\/geolight.ch\/wp-content\/uploads\/2022\/04\/Hubertus-1-150x150.png 150w\" sizes=\"100vw\" \/>\t\t\t<\/figure>\n\t\t\n\t\t<div class=\"wpz-member-body\">\n\t\t\t<h2 class=\"wpz-member-name\">Hubertus L\u00f6wenherz<\/h2>\n\t\t\t\t\t\t\t<div class=\"wpz-member-position\">Metallk\u00fcnstler<\/div>\n\t\t\t\n\t\t\t\t\t\t\t<div class=\"wpz-member-bio\">\n\t\t\t\t\t<p>\"Das Klima auf dem Bau hat in den letzten Jahren massiv an Druck zugenommen!\" Was heute abgeht in der Arbeitswelt, das macht mich krank. Schon in meiner Lehre als Metallbauschlosser begann ich mich k\u00fcnstlerisch zu bet\u00e4tigen und pflegte diesen Ausgleich mein Leben lang, sonst w\u00e4re ich wohl l\u00e4ngst unter dem Boden. Bei GeoLight reizt mich das Material, die harmonische Form und die Energie, die davon ausgeht.<\/p>\n\t\t\t\t<\/div>\n\t\t\t\n\t\t\t\n\t\t\t\t\t\t\t<div class=\"wpz-member-links\">\n\t\t\t\t\t<a target=\"_blank\" rel=\"noopener\" href=\"https:\/\/facebook.com\/wpzoom\" class=\"elementor-repeater-item-46b7917\"><i class=\"fa-facebook fab\" aria-hidden=\"true\"><\/i><\/a><a target=\"_blank\" rel=\"noopener\" href=\"https:\/\/twitter.com\/wpzoom\" class=\"elementor-repeater-item-3f91eaa\"><i class=\"fa-twitter fab\" aria-hidden=\"true\"><\/i><\/a>\t\t\t\t<\/div>\n\t\t\t\n\t\t\t\t\t<\/div>\n\t\t\t\t<\/div>\n\t\t\t\t<\/div>\n\t\t\t\t\t<\/div>\n\t\t<\/div>\n\t\t\t\t\t\t\t<\/div>\n\t\t<\/section>\n\t\t\t\t\t\t<\/div>\n\t\t\t\t\t<\/div>\n\t\t","protected":false},"excerpt":{"rendered":"<p>Dominik F. Roll\u00e9 ist der Erschaffer der GeoLight, der Lamp of Lucerne. Luzern ist eine Stadt mit weltweit einzigartiger Ausstrahlung. Luzern ist die Leuchtenstadt und diese k\u00fcgelf\u00f6rmige Laterne soll diese Ausstrahlung auf die ganze Welt ausweiten. Dominik F. Roll\u00e9, Rudolf R\u00e4ber und der Metallk\u00fcnstler Hubertus L\u00f6wenherz leben in der nahen Umgebung von Luzern. Ihre Aufgabe &hellip; <\/p>\n<p class=\"link-more\"><a href=\"https:\/\/geolight.ch\/?page_id=5592\" class=\"more-link\">Mehr <span class=\"screen-reader-text\">\u00fcber &#8222;\u00dcber uns&#8220; <\/span>Lesen<\/a><\/p>\n","protected":false},"author":1,"featured_media":0,"parent":0,"menu_order":0,"comment_status":"closed","ping_status":"closed","template":"page-templates\/full-width-builder-bb.php","meta":{"inspiro_hide_title":false},"featured_media_urls":[],"_links":{"self":[{"href":"https:\/\/geolight.ch\/index.php?rest_route=\/wp\/v2\/pages\/5592"}],"collection":[{"href":"https:\/\/geolight.ch\/index.php?rest_route=\/wp\/v2\/pages"}],"about":[{"href":"https:\/\/geolight.ch\/index.php?rest_route=\/wp\/v2\/types\/page"}],"author":[{"embeddable":true,"href":"https:\/\/geolight.ch\/index.php?rest_route=\/wp\/v2\/users\/1"}],"replies":[{"embeddable":true,"href":"https:\/\/geolight.ch\/index.php?rest_route=%2Fwp%2Fv2%2Fcomments&post=5592"}],"version-history":[{"count":69,"href":"https:\/\/geolight.ch\/index.php?rest_route=\/wp\/v2\/pages\/5592\/revisions"}],"predecessor-version":[{"id":7068,"href":"https:\/\/geolight.ch\/index.php?rest_route=\/wp\/v2\/pages\/5592\/revisions\/7068"}],"wp:attachment":[{"href":"https:\/\/geolight.ch\/index.php?rest_route=%2Fwp%2Fv2%2Fmedia&parent=5592"}],"curies":[{"name":"wp","href":"https:\/\/api.w.org\/{rel}","templated":true}]}}