{"id":628,"date":"2009-05-06T11:43:24","date_gmt":"2009-05-06T16:43:24","guid":{"rendered":"http:\/\/wpzoom.com\/zenko\/demo\/?page_id=3"},"modified":"2022-12-01T15:26:06","modified_gmt":"2022-12-01T15:26:06","slug":"contact","status":"publish","type":"page","link":"https:\/\/geolight.ch\/?page_id=628","title":{"rendered":"Kontakt"},"content":{"rendered":"\t\t<div data-elementor-type=\"wp-page\" data-elementor-id=\"628\" class=\"elementor elementor-628\" data-elementor-settings=\"[]\">\n\t\t\t\t\t\t\t<div class=\"elementor-section-wrap\">\n\t\t\t\t\t\t\t<section class=\"elementor-section elementor-top-section elementor-element elementor-element-e9a6140 elementor-section-boxed elementor-section-height-default elementor-section-height-default\" data-id=\"e9a6140\" data-element_type=\"section\">\n\t\t\t\t\t\t<div class=\"elementor-container elementor-column-gap-default\">\n\t\t\t\t\t\t\t\t<\/div>\n\t\t<\/section>\n\t\t\t\t<section class=\"elementor-section elementor-top-section elementor-element elementor-element-597b8389 elementor-section-boxed elementor-section-height-default elementor-section-height-default\" data-id=\"597b8389\" data-element_type=\"section\">\n\t\t\t\t\t\t<div class=\"elementor-container elementor-column-gap-wider\">\n\t\t\t\t\t<div class=\"elementor-column elementor-col-50 elementor-top-column elementor-element elementor-element-9fda0ef\" data-id=\"9fda0ef\" data-element_type=\"column\">\n\t\t\t<div class=\"elementor-widget-wrap elementor-element-populated\">\n\t\t\t\t\t\t\t\t<div class=\"elementor-element elementor-element-2ea923a7 elementor-widget elementor-widget-google_maps\" data-id=\"2ea923a7\" data-element_type=\"widget\" data-widget_type=\"google_maps.default\">\n\t\t\t\t<div class=\"elementor-widget-container\">\n\t\t\t<style>\/*! elementor - v3.5.6 - 28-02-2022 *\/\n.elementor-widget-google_maps .elementor-widget-container{overflow:hidden}.elementor-widget-google_maps iframe{height:300px}<\/style>\t\t<div class=\"elementor-custom-embed\">\n\t\t\t<iframe frameborder=\"0\" scrolling=\"no\" marginheight=\"0\" marginwidth=\"0\"\n\t\t\t\t\tsrc=\"https:\/\/maps.google.com\/maps?q=K%C3%BCssnacht%2C%20B%C3%A4renmatte%201%2C%20Switzerland&#038;t=m&#038;z=14&#038;output=embed&#038;iwloc=near\"\n\t\t\t\t\ttitle=\"K\u00fcssnacht, B\u00e4renmatte 1, Switzerland\"\n\t\t\t\t\taria-label=\"K\u00fcssnacht, B\u00e4renmatte 1, Switzerland\"\n\t\t\t><\/iframe>\n\t\t<\/div>\n\t\t\t\t<\/div>\n\t\t\t\t<\/div>\n\t\t\t\t<section class=\"elementor-section elementor-inner-section elementor-element elementor-element-481bfb11 elementor-section-boxed elementor-section-height-default elementor-section-height-default\" data-id=\"481bfb11\" data-element_type=\"section\">\n\t\t\t\t\t\t<div class=\"elementor-container elementor-column-gap-no\">\n\t\t\t\t\t<div class=\"elementor-column elementor-col-50 elementor-inner-column elementor-element elementor-element-6b3e170\" data-id=\"6b3e170\" data-element_type=\"column\">\n\t\t\t<div class=\"elementor-widget-wrap elementor-element-populated\">\n\t\t\t\t\t\t\t\t<div class=\"elementor-element elementor-element-5d846e0 elementor-widget elementor-widget-text-editor\" data-id=\"5d846e0\" data-element_type=\"widget\" data-widget_type=\"text-editor.default\">\n\t\t\t\t<div class=\"elementor-widget-container\">\n\t\t\t<style>\/*! elementor - v3.5.6 - 28-02-2022 *\/\n.elementor-widget-text-editor.elementor-drop-cap-view-stacked .elementor-drop-cap{background-color:#818a91;color:#fff}.elementor-widget-text-editor.elementor-drop-cap-view-framed .elementor-drop-cap{color:#818a91;border:3px solid;background-color:transparent}.elementor-widget-text-editor:not(.elementor-drop-cap-view-default) .elementor-drop-cap{margin-top:8px}.elementor-widget-text-editor:not(.elementor-drop-cap-view-default) .elementor-drop-cap-letter{width:1em;height:1em}.elementor-widget-text-editor .elementor-drop-cap{float:left;text-align:center;line-height:1;font-size:50px}.elementor-widget-text-editor .elementor-drop-cap-letter{display:inline-block}<\/style>\t\t\t\t<h4>Unsere Adressen<\/h4><p><span class=\"small\">LebensRaum<br \/>Dominik Roll\u00e9<br \/>Hintere Breite 12<br \/>CH-4805 Brittnau<br \/><\/span>Switzerland<\/p><p>GeoLight<br \/>c\/o Geminy Solutions AG<br \/>Rudolf R\u00e4ber<br \/>B\u00e4renmatte 1<br \/>6403 K\u00fcssnacht<br \/>Schweiz<\/p>\t\t\t\t\t\t<\/div>\n\t\t\t\t<\/div>\n\t\t\t\t\t<\/div>\n\t\t<\/div>\n\t\t\t\t<div class=\"elementor-column elementor-col-50 elementor-inner-column elementor-element elementor-element-6d78bc32\" data-id=\"6d78bc32\" data-element_type=\"column\">\n\t\t\t<div class=\"elementor-widget-wrap elementor-element-populated\">\n\t\t\t\t\t\t\t\t<div class=\"elementor-element elementor-element-8f318a elementor-widget elementor-widget-text-editor\" data-id=\"8f318a\" data-element_type=\"widget\" data-widget_type=\"text-editor.default\">\n\t\t\t\t<div class=\"elementor-widget-container\">\n\t\t\t\t\t\t\t<h4>Sie erreichen uns per E-Mail<\/h4><p><a href=\"mailto:rudolf@gendice.com\" target=\"_blank\" rel=\"noopener\">rudolf@gendice.ch<\/a><\/p>\t\t\t\t\t\t<\/div>\n\t\t\t\t<\/div>\n\t\t\t\t\t<\/div>\n\t\t<\/div>\n\t\t\t\t\t\t\t<\/div>\n\t\t<\/section>\n\t\t\t\t<div class=\"elementor-element elementor-element-4d83e681 elementor-widget elementor-widget-text-editor\" data-id=\"4d83e681\" data-element_type=\"widget\" data-widget_type=\"text-editor.default\">\n\t\t\t\t<div class=\"elementor-widget-container\">\n\t\t\t\t\t\t\t<h4>Follow us<\/h4>\t\t\t\t\t\t<\/div>\n\t\t\t\t<\/div>\n\t\t\t\t<div class=\"elementor-element elementor-element-4d7e2f56 elementor-icon-list--layout-inline elementor-list-item-link-full_width elementor-widget elementor-widget-icon-list\" data-id=\"4d7e2f56\" data-element_type=\"widget\" data-widget_type=\"icon-list.default\">\n\t\t\t\t<div class=\"elementor-widget-container\">\n\t\t\t<style>\/*! elementor - v3.5.6 - 28-02-2022 *\/\n.elementor-widget.elementor-icon-list--layout-inline .elementor-widget-container{overflow:hidden}.elementor-widget .elementor-icon-list-items.elementor-inline-items{margin-right:-8px;margin-left:-8px}.elementor-widget .elementor-icon-list-items.elementor-inline-items .elementor-icon-list-item{margin-right:8px;margin-left:8px}.elementor-widget .elementor-icon-list-items.elementor-inline-items .elementor-icon-list-item:after{width:auto;left:auto;right:auto;position:relative;height:100%;border-top:0;border-bottom:0;border-right:0;border-left-width:1px;border-style:solid;right:-8px}.elementor-widget .elementor-icon-list-items{list-style-type:none;margin:0;padding:0}.elementor-widget .elementor-icon-list-item{margin:0;padding:0;position:relative}.elementor-widget .elementor-icon-list-item:after{position:absolute;bottom:0;width:100%}.elementor-widget .elementor-icon-list-item,.elementor-widget .elementor-icon-list-item a{display:-webkit-box;display:-ms-flexbox;display:flex;-webkit-box-align:center;-ms-flex-align:center;align-items:center;font-size:inherit}.elementor-widget .elementor-icon-list-icon+.elementor-icon-list-text{-ms-flex-item-align:center;align-self:center;padding-left:5px}.elementor-widget .elementor-icon-list-icon{display:-webkit-box;display:-ms-flexbox;display:flex}.elementor-widget .elementor-icon-list-icon svg{width:var(--e-icon-list-icon-size,1em);height:var(--e-icon-list-icon-size,1em)}.elementor-widget .elementor-icon-list-icon i{width:1.25em;font-size:var(--e-icon-list-icon-size)}.elementor-widget.elementor-widget-icon-list .elementor-icon-list-icon{text-align:var(--e-icon-list-icon-align)}.elementor-widget.elementor-widget-icon-list .elementor-icon-list-icon svg{margin:var(--e-icon-list-icon-margin,0 calc(var(--e-icon-list-icon-size, 1em) * .25) 0 0)}.elementor-widget.elementor-list-item-link-full_width a{width:100%}.elementor-widget.elementor-align-center .elementor-icon-list-item,.elementor-widget.elementor-align-center .elementor-icon-list-item a{-webkit-box-pack:center;-ms-flex-pack:center;justify-content:center}.elementor-widget.elementor-align-center .elementor-icon-list-item:after{margin:auto}.elementor-widget.elementor-align-center .elementor-inline-items{-webkit-box-pack:center;-ms-flex-pack:center;justify-content:center}.elementor-widget.elementor-align-left .elementor-icon-list-item,.elementor-widget.elementor-align-left .elementor-icon-list-item a{-webkit-box-pack:start;-ms-flex-pack:start;justify-content:flex-start;text-align:left}.elementor-widget.elementor-align-left .elementor-inline-items{-webkit-box-pack:start;-ms-flex-pack:start;justify-content:flex-start}.elementor-widget.elementor-align-right .elementor-icon-list-item,.elementor-widget.elementor-align-right .elementor-icon-list-item a{-webkit-box-pack:end;-ms-flex-pack:end;justify-content:flex-end;text-align:right}.elementor-widget.elementor-align-right .elementor-icon-list-items{-webkit-box-pack:end;-ms-flex-pack:end;justify-content:flex-end}.elementor-widget:not(.elementor-align-right) .elementor-icon-list-item:after{left:0}.elementor-widget:not(.elementor-align-left) .elementor-icon-list-item:after{right:0}@media (max-width:1024px){.elementor-widget.elementor-tablet-align-center .elementor-icon-list-item,.elementor-widget.elementor-tablet-align-center .elementor-icon-list-item a,.elementor-widget.elementor-tablet-align-center .elementor-icon-list-items{-webkit-box-pack:center;-ms-flex-pack:center;justify-content:center}.elementor-widget.elementor-tablet-align-center .elementor-icon-list-item:after{margin:auto}.elementor-widget.elementor-tablet-align-left .elementor-icon-list-items{-webkit-box-pack:start;-ms-flex-pack:start;justify-content:flex-start}.elementor-widget.elementor-tablet-align-left .elementor-icon-list-item,.elementor-widget.elementor-tablet-align-left .elementor-icon-list-item a{-webkit-box-pack:start;-ms-flex-pack:start;justify-content:flex-start;text-align:left}.elementor-widget.elementor-tablet-align-right .elementor-icon-list-items{-webkit-box-pack:end;-ms-flex-pack:end;justify-content:flex-end}.elementor-widget.elementor-tablet-align-right .elementor-icon-list-item,.elementor-widget.elementor-tablet-align-right .elementor-icon-list-item a{-webkit-box-pack:end;-ms-flex-pack:end;justify-content:flex-end;text-align:right}.elementor-widget:not(.elementor-tablet-align-right) .elementor-icon-list-item:after{left:0}.elementor-widget:not(.elementor-tablet-align-left) .elementor-icon-list-item:after{right:0}}@media (max-width:767px){.elementor-widget.elementor-mobile-align-center .elementor-icon-list-item,.elementor-widget.elementor-mobile-align-center .elementor-icon-list-item a,.elementor-widget.elementor-mobile-align-center .elementor-icon-list-items{-webkit-box-pack:center;-ms-flex-pack:center;justify-content:center}.elementor-widget.elementor-mobile-align-center .elementor-icon-list-item:after{margin:auto}.elementor-widget.elementor-mobile-align-left .elementor-icon-list-items{-webkit-box-pack:start;-ms-flex-pack:start;justify-content:flex-start}.elementor-widget.elementor-mobile-align-left .elementor-icon-list-item,.elementor-widget.elementor-mobile-align-left .elementor-icon-list-item a{-webkit-box-pack:start;-ms-flex-pack:start;justify-content:flex-start;text-align:left}.elementor-widget.elementor-mobile-align-right .elementor-icon-list-items{-webkit-box-pack:end;-ms-flex-pack:end;justify-content:flex-end}.elementor-widget.elementor-mobile-align-right .elementor-icon-list-item,.elementor-widget.elementor-mobile-align-right .elementor-icon-list-item a{-webkit-box-pack:end;-ms-flex-pack:end;justify-content:flex-end;text-align:right}.elementor-widget:not(.elementor-mobile-align-right) .elementor-icon-list-item:after{left:0}.elementor-widget:not(.elementor-mobile-align-left) .elementor-icon-list-item:after{right:0}}<\/style>\t\t<ul class=\"elementor-icon-list-items elementor-inline-items\">\n\t\t\t\t\t\t\t<li class=\"elementor-icon-list-item elementor-inline-item\">\n\t\t\t\t\t\t\t\t\t\t\t<a href=\"http:\/\/facebook.com\">\n\n\t\t\t\t\t\t\t\t\t\t\t\t<span class=\"elementor-icon-list-icon\">\n\t\t\t\t\t\t\t<i aria-hidden=\"true\" class=\"fab fa-facebook\"><\/i>\t\t\t\t\t\t<\/span>\n\t\t\t\t\t\t\t\t\t\t<span class=\"elementor-icon-list-text\"><\/span>\n\t\t\t\t\t\t\t\t\t\t\t<\/a>\n\t\t\t\t\t\t\t\t\t<\/li>\n\t\t\t\t\t\t\t\t<li class=\"elementor-icon-list-item elementor-inline-item\">\n\t\t\t\t\t\t\t\t\t\t\t<a href=\"http:\/\/twitter.com\">\n\n\t\t\t\t\t\t\t\t\t\t\t\t<span class=\"elementor-icon-list-icon\">\n\t\t\t\t\t\t\t<i aria-hidden=\"true\" class=\"fab fa-twitter\"><\/i>\t\t\t\t\t\t<\/span>\n\t\t\t\t\t\t\t\t\t\t<span class=\"elementor-icon-list-text\"><\/span>\n\t\t\t\t\t\t\t\t\t\t\t<\/a>\n\t\t\t\t\t\t\t\t\t<\/li>\n\t\t\t\t\t\t\t\t<li class=\"elementor-icon-list-item elementor-inline-item\">\n\t\t\t\t\t\t\t\t\t\t\t<a href=\"http:\/\/instagram.com\">\n\n\t\t\t\t\t\t\t\t\t\t\t\t<span class=\"elementor-icon-list-icon\">\n\t\t\t\t\t\t\t<i aria-hidden=\"true\" class=\"fab fa-instagram\"><\/i>\t\t\t\t\t\t<\/span>\n\t\t\t\t\t\t\t\t\t\t<span class=\"elementor-icon-list-text\"><\/span>\n\t\t\t\t\t\t\t\t\t\t\t<\/a>\n\t\t\t\t\t\t\t\t\t<\/li>\n\t\t\t\t\t\t\t\t<li class=\"elementor-icon-list-item elementor-inline-item\">\n\t\t\t\t\t\t\t\t\t\t\t<a href=\"http:\/\/youtube.com\">\n\n\t\t\t\t\t\t\t\t\t\t\t\t<span class=\"elementor-icon-list-icon\">\n\t\t\t\t\t\t\t<i aria-hidden=\"true\" class=\"fab fa-youtube\"><\/i>\t\t\t\t\t\t<\/span>\n\t\t\t\t\t\t\t\t\t\t<span class=\"elementor-icon-list-text\"><\/span>\n\t\t\t\t\t\t\t\t\t\t\t<\/a>\n\t\t\t\t\t\t\t\t\t<\/li>\n\t\t\t\t\t\t<\/ul>\n\t\t\t\t<\/div>\n\t\t\t\t<\/div>\n\t\t\t\t\t<\/div>\n\t\t<\/div>\n\t\t\t\t<div class=\"elementor-column elementor-col-50 elementor-top-column elementor-element elementor-element-24c75318\" data-id=\"24c75318\" data-element_type=\"column\">\n\t\t\t<div class=\"elementor-widget-wrap elementor-element-populated\">\n\t\t\t\t\t\t\t\t<div class=\"elementor-element elementor-element-25c4d9f2 elementor-widget elementor-widget-heading\" data-id=\"25c4d9f2\" data-element_type=\"widget\" data-widget_type=\"heading.default\">\n\t\t\t\t<div class=\"elementor-widget-container\">\n\t\t\t<style>\/*! elementor - v3.5.6 - 28-02-2022 *\/\n.elementor-heading-title{padding:0;margin:0;line-height:1}.elementor-widget-heading .elementor-heading-title[class*=elementor-size-]>a{color:inherit;font-size:inherit;line-height:inherit}.elementor-widget-heading .elementor-heading-title.elementor-size-small{font-size:15px}.elementor-widget-heading .elementor-heading-title.elementor-size-medium{font-size:19px}.elementor-widget-heading .elementor-heading-title.elementor-size-large{font-size:29px}.elementor-widget-heading .elementor-heading-title.elementor-size-xl{font-size:39px}.elementor-widget-heading .elementor-heading-title.elementor-size-xxl{font-size:59px}<\/style><h2 class=\"elementor-heading-title elementor-size-default\">Wir freuen uns auf Ihre Kontaktaufnahme<\/h2>\t\t<\/div>\n\t\t\t\t<\/div>\n\t\t\t\t<div class=\"elementor-element elementor-element-750353aa elementor-widget elementor-widget-text-editor\" data-id=\"750353aa\" data-element_type=\"widget\" data-widget_type=\"text-editor.default\">\n\t\t\t\t<div class=\"elementor-widget-container\">\n\t\t\t\t\t\t\t<p><i>Rufen Sie uns am besten jetzt gleich an, wir k\u00f6nnen gerne einen Termin vereinbaren:<br \/><\/i><\/p><p>+41 041 240 68 68<\/p><p>\u00a0<\/p>\t\t\t\t\t\t<\/div>\n\t\t\t\t<\/div>\n\t\t\t\t\t<\/div>\n\t\t<\/div>\n\t\t\t\t\t\t\t<\/div>\n\t\t<\/section>\n\t\t\t\t<section class=\"elementor-section elementor-top-section elementor-element elementor-element-17c65841 elementor-section-boxed elementor-section-height-default elementor-section-height-default\" data-id=\"17c65841\" data-element_type=\"section\">\n\t\t\t\t\t\t<div class=\"elementor-container elementor-column-gap-default\">\n\t\t\t\t\t\t\t\t<\/div>\n\t\t<\/section>\n\t\t\t\t\t\t<\/div>\n\t\t\t\t\t<\/div>\n\t\t","protected":false},"excerpt":{"rendered":"<p>Unsere Adressen LebensRaumDominik Roll\u00e9Hintere Breite 12CH-4805 BrittnauSwitzerland GeoLightc\/o Geminy Solutions AGRudolf R\u00e4berB\u00e4renmatte 16403 K\u00fcssnachtSchweiz Sie erreichen uns per E-Mail rudolf@gendice.ch Follow us Wir freuen uns auf Ihre Kontaktaufnahme Rufen Sie uns am besten jetzt gleich an, wir k\u00f6nnen gerne einen Termin vereinbaren: +41 041 240 68 68 \u00a0<\/p>\n","protected":false},"author":1,"featured_media":0,"parent":0,"menu_order":0,"comment_status":"closed","ping_status":"closed","template":"page-templates\/full-width-builder-bb.php","meta":{"inspiro_hide_title":false},"featured_media_urls":[],"_links":{"self":[{"href":"https:\/\/geolight.ch\/index.php?rest_route=\/wp\/v2\/pages\/628"}],"collection":[{"href":"https:\/\/geolight.ch\/index.php?rest_route=\/wp\/v2\/pages"}],"about":[{"href":"https:\/\/geolight.ch\/index.php?rest_route=\/wp\/v2\/types\/page"}],"author":[{"embeddable":true,"href":"https:\/\/geolight.ch\/index.php?rest_route=\/wp\/v2\/users\/1"}],"replies":[{"embeddable":true,"href":"https:\/\/geolight.ch\/index.php?rest_route=%2Fwp%2Fv2%2Fcomments&post=628"}],"version-history":[{"count":37,"href":"https:\/\/geolight.ch\/index.php?rest_route=\/wp\/v2\/pages\/628\/revisions"}],"predecessor-version":[{"id":7074,"href":"https:\/\/geolight.ch\/index.php?rest_route=\/wp\/v2\/pages\/628\/revisions\/7074"}],"wp:attachment":[{"href":"https:\/\/geolight.ch\/index.php?rest_route=%2Fwp%2Fv2%2Fmedia&parent=628"}],"curies":[{"name":"wp","href":"https:\/\/api.w.org\/{rel}","templated":true}]}}